{"id":39107,"date":"2014-01-24T01:56:07","date_gmt":"2014-01-24T06:56:07","guid":{"rendered":"http:\/\/estrategica.com.co\/blog\/?page_id=39107"},"modified":"2022-08-17T16:18:44","modified_gmt":"2022-08-17T21:18:44","slug":"portafolio","status":"publish","type":"page","link":"https:\/\/estrategica.com.co\/blog\/portafolio\/","title":{"rendered":"Portafolio"},"content":{"rendered":"<p>[et_pb_section fb_built=\u00bb1&#8243; _builder_version=\u00bb4.16&#8243; use_background_color_gradient=\u00bbon\u00bb background_color_gradient_stops=\u00bb#506b7f 0%|#ffffff 100%\u00bb background_color_gradient_start=\u00bb#506b7f\u00bb background_color_gradient_end=\u00bb#ffffff\u00bb background_image=\u00bbhttps:\/\/estrategica.com.co\/blog\/wp-content\/uploads\/2014\/01\/Publico_flare.jpg\u00bb background_blend=\u00bbmultiply\u00bb custom_padding=\u00bb54px|0px|0|0px\u00bb global_colors_info=\u00bb{}\u00bb][et_pb_row _builder_version=\u00bb4.16&#8243; background_size=\u00bbinitial\u00bb background_position=\u00bbtop_left\u00bb background_repeat=\u00bbrepeat\u00bb custom_padding=\u00bb27px|0px|15px|0px\u00bb global_colors_info=\u00bb{}\u00bb][et_pb_column type=\u00bb4_4&#8243; _builder_version=\u00bb4.16&#8243; custom_padding=\u00bb|||\u00bb global_colors_info=\u00bb{}\u00bb custom_padding__hover=\u00bb|||\u00bb][et_pb_text _builder_version=\u00bb4.16&#8243; header_font=\u00bbCoda|300|||||||\u00bb header_text_align=\u00bbcenter\u00bb header_3_font=\u00bbNunito|300|||||||\u00bb header_3_line_height=\u00bb1.7em\u00bb background_layout=\u00bbdark\u00bb global_colors_info=\u00bb{}\u00bb]<\/p>\n<h1>Portafolio<\/h1>\n<h3 style=\"text-align: center;\">Comunicaci\u00f3n y gesti\u00f3n<\/h3>\n<p>[\/et_pb_text][\/et_pb_column][\/et_pb_row][et_pb_row _builder_version=\u00bb4.16&#8243; background_size=\u00bbinitial\u00bb background_position=\u00bbtop_left\u00bb background_repeat=\u00bbrepeat\u00bb global_colors_info=\u00bb{}\u00bb][et_pb_column type=\u00bb4_4&#8243; _builder_version=\u00bb4.16&#8243; custom_padding=\u00bb|||\u00bb global_colors_info=\u00bb{}\u00bb custom_padding__hover=\u00bb|||\u00bb][et_pb_post_slider _builder_version=\u00bb4.18.0&#8243; _module_preset=\u00bbdefault\u00bb posts_number=\u00bb10&#8243; include_categories=\u00bb287&#8243; hover_enabled=\u00bb0&#8243; sticky_enabled=\u00bb0&#8243;][\/et_pb_post_slider][\/et_pb_column][\/et_pb_row][\/et_pb_section][et_pb_section fb_built=\u00bb1&#8243; _builder_version=\u00bb3.1.1&#8243; custom_padding=\u00bb38px|0px|25px|0px\u00bb global_module=\u00bb60048&#8243; global_colors_info=\u00bb{}\u00bb][et_pb_row column_structure=\u00bb1_4,1_4,1_4,1_4&#8243; _builder_version=\u00bb4.16&#8243; global_colors_info=\u00bb{}\u00bb][et_pb_column type=\u00bb1_4&#8243; _builder_version=\u00bb4.16&#8243; custom_padding=\u00bb|||\u00bb global_colors_info=\u00bb{}\u00bb custom_padding__hover=\u00bb|||\u00bb][et_pb_number_counter title=\u00bbVideos\u00bb number=\u00bb4401&#8243; percent_sign=\u00bboff\u00bb module_id=\u00bbCifraVideos\u00bb _builder_version=\u00bb4.18.0&#8243; number_text_color=\u00bb#bf1818&#8243; link_option_url=\u00bbhttps:\/\/estrategica.com.co\/blog\/video\/\u00bb global_colors_info=\u00bb{}\u00bb][\/et_pb_number_counter][\/et_pb_column][et_pb_column type=\u00bb1_4&#8243; _builder_version=\u00bb4.16&#8243; custom_padding=\u00bb|||\u00bb global_colors_info=\u00bb{}\u00bb custom_padding__hover=\u00bb|||\u00bb][et_pb_number_counter title=\u00bbAudios\u00bb number=\u00bb24&#8243; percent_sign=\u00bboff\u00bb _builder_version=\u00bb4.18.0&#8243; number_font=\u00bb||||||||\u00bb link_option_url=\u00bbhttps:\/\/estrategica.com.co\/blog\/audio\/\u00bb global_colors_info=\u00bb{}\u00bb][\/et_pb_number_counter][\/et_pb_column][et_pb_column type=\u00bb1_4&#8243; _builder_version=\u00bb4.16&#8243; custom_padding=\u00bb|||\u00bb global_colors_info=\u00bb{}\u00bb custom_padding__hover=\u00bb|||\u00bb][et_pb_number_counter title=\u00bbAfiches\u00bb number=\u00bb576&#8243; percent_sign=\u00bboff\u00bb _builder_version=\u00bb4.18.0&#8243; number_font=\u00bb||||||||\u00bb number_text_color=\u00bb#994edb\u00bb link_option_url=\u00bbhttps:\/\/estrategica.com.co\/blog\/afiches\/\u00bb global_colors_info=\u00bb{}\u00bb][\/et_pb_number_counter][\/et_pb_column][et_pb_column type=\u00bb1_4&#8243; _builder_version=\u00bb4.16&#8243; custom_padding=\u00bb|||\u00bb global_colors_info=\u00bb{}\u00bb custom_padding__hover=\u00bb|||\u00bb][et_pb_number_counter title=\u00bbFotos\u00bb number=\u00bb622&#8243; percent_sign=\u00bboff\u00bb _builder_version=\u00bb4.18.0&#8243; number_font=\u00bb||||||||\u00bb number_text_color=\u00bb#1f9b4e\u00bb link_option_url=\u00bbhttps:\/\/estrategica.com.co\/blog\/fotos\/\u00bb global_colors_info=\u00bb{}\u00bb][\/et_pb_number_counter][\/et_pb_column][\/et_pb_row][\/et_pb_section][et_pb_section fb_built=\u00bb1&#8243; custom_padding_last_edited=\u00bbon|phone\u00bb _builder_version=\u00bb4.18.0&#8243; background_color=\u00bb#d6d6d6&#8243; background_image=\u00bbhttps:\/\/estrategica.com.co\/blog\/wp-content\/uploads\/2022\/08\/9ca02f73ea21ed36f323f236899355ea.jpeg\u00bb background_blend=\u00bbmultiply\u00bb custom_margin=\u00bb0px||0px||true|true\u00bb custom_padding=\u00bb80px|0px|80px|0px|true|false\u00bb custom_padding_tablet=\u00bb80px|0px|80px|0px|true|false\u00bb custom_padding_phone=\u00bb80px|0px|80px|0px|true|false\u00bb global_module=\u00bb59949&#8243; global_colors_info=\u00bb{}\u00bb][et_pb_row module_class=\u00bb et_pb_row_fullwidth\u00bb _builder_version=\u00bb4.16&#8243; width=\u00bb89%\u00bb width_tablet=\u00bb80%\u00bb width_phone=\u00bb\u00bb width_last_edited=\u00bbon|desktop\u00bb max_width=\u00bb89%\u00bb max_width_tablet=\u00bb80%\u00bb max_width_phone=\u00bb\u00bb max_width_last_edited=\u00bbon|desktop\u00bb custom_padding=\u00bb13px|0px|0|0px\u00bb make_fullwidth=\u00bbon\u00bb global_colors_info=\u00bb{}\u00bb][et_pb_column type=\u00bb4_4&#8243; _builder_version=\u00bb4.16&#8243; custom_padding=\u00bb|||\u00bb global_colors_info=\u00bb{}\u00bb custom_padding__hover=\u00bb|||\u00bb][et_pb_cta button_url=\u00bbhttps:\/\/estrategica.com.co\/blog\/contacto\/\u00bb button_text=\u00bbCont\u00e1ctenos\u00bb _builder_version=\u00bb4.18.0&#8243; header_font=\u00bbAlegreya Sans|300|||||||\u00bb header_text_color=\u00bb#0C71C3&#8243; header_font_size=\u00bb36px\u00bb header_line_height=\u00bb1.1em\u00bb body_font=\u00bb||||||||\u00bb body_text_color=\u00bb#0C71C3&#8243; background_color=\u00bb#FFFFFF\u00bb custom_button=\u00bbon\u00bb button_text_color=\u00bb#0C71C3&#8243; button_bg_color_gradient_stops=\u00bb#2b87da 0%|#29c4a9 100%\u00bb button_border_color=\u00bb#0C71C3&#8243; max_width=\u00bb1083px\u00bb max_width_tablet=\u00bb\u00bb max_width_phone=\u00bb\u00bb max_width_last_edited=\u00bbon|phone\u00bb module_alignment=\u00bbcenter\u00bb custom_margin=\u00bb|20px||20px|false|true\u00bb custom_padding=\u00bb|80px||80px|false|true\u00bb custom_padding_tablet=\u00bb|60px||60px|false|true\u00bb custom_padding_phone=\u00bb|30px||30px|false|true\u00bb custom_padding_last_edited=\u00bbon|tablet\u00bb header_font_size_tablet=\u00bb31px\u00bb header_font_size_phone=\u00bb24px\u00bb header_font_size_last_edited=\u00bbon|phone\u00bb border_radii=\u00bbon|9px|9px|9px|9px\u00bb global_colors_info=\u00bb{}\u00bb button_text_size__hover_enabled=\u00bboff\u00bb button_one_text_size__hover_enabled=\u00bboff\u00bb button_two_text_size__hover_enabled=\u00bboff\u00bb button_text_color__hover_enabled=\u00bboff\u00bb button_one_text_color__hover_enabled=\u00bboff\u00bb button_two_text_color__hover_enabled=\u00bboff\u00bb button_border_width__hover_enabled=\u00bboff\u00bb button_one_border_width__hover_enabled=\u00bboff\u00bb button_two_border_width__hover_enabled=\u00bboff\u00bb button_border_color__hover_enabled=\u00bboff\u00bb button_one_border_color__hover_enabled=\u00bboff\u00bb button_two_border_color__hover_enabled=\u00bboff\u00bb button_border_radius__hover_enabled=\u00bboff\u00bb button_one_border_radius__hover_enabled=\u00bboff\u00bb button_two_border_radius__hover_enabled=\u00bboff\u00bb button_letter_spacing__hover_enabled=\u00bboff\u00bb button_one_letter_spacing__hover_enabled=\u00bboff\u00bb button_two_letter_spacing__hover_enabled=\u00bboff\u00bb button_bg_color__hover_enabled=\u00bboff\u00bb button_one_bg_color__hover_enabled=\u00bboff\u00bb button_two_bg_color__hover_enabled=\u00bboff\u00bb]<\/p>\n<h2>Hay quienes trabajaron con esfuerzo y dedicaci\u00f3n pero nunca llegaron a la meta deseada.<\/h2>\n<p>[\/et_pb_cta][\/et_pb_column][\/et_pb_row][\/et_pb_section]<\/p>\n","protected":false},"excerpt":{"rendered":"<p>Portafolio Comunicaci\u00f3n y gesti\u00f3n Hay quienes trabajaron con esfuerzo y dedicaci\u00f3n pero nunca llegaron a la meta deseada.<\/p>\n","protected":false},"author":1297,"featured_media":0,"parent":0,"menu_order":0,"comment_status":"open","ping_status":"open","template":"","meta":{"_et_pb_use_builder":"on","_et_pb_old_content":"","_et_gb_content_width":"","advanced_seo_description":"","jetpack_seo_html_title":"","jetpack_seo_noindex":false,"footnotes":""},"jetpack_shortlink":"https:\/\/wp.me\/P4wgsh-aaL","jetpack-related-posts":[{"id":60143,"url":"https:\/\/estrategica.com.co\/blog\/brazil\/","url_meta":{"origin":39107,"position":0},"title":"Brazil","author":"Miguel Albadan","date":"abril 20, 2018","format":false,"excerpt":"","rel":"","context":"Entrada similar","block_context":{"text":"Entrada similar","link":""},"img":{"alt_text":"","src":"","width":0,"height":0},"classes":[]},{"id":60290,"url":"https:\/\/estrategica.com.co\/blog\/panama\/","url_meta":{"origin":39107,"position":1},"title":"Panam\u00e1","author":"Miguel Albadan","date":"abril 24, 2018","format":false,"excerpt":"","rel":"","context":"Entrada similar","block_context":{"text":"Entrada similar","link":""},"img":{"alt_text":"","src":"","width":0,"height":0},"classes":[]},{"id":60294,"url":"https:\/\/estrategica.com.co\/blog\/peru\/","url_meta":{"origin":39107,"position":2},"title":"Per\u00fa","author":"Miguel Albadan","date":"abril 24, 2018","format":false,"excerpt":"","rel":"","context":"Entrada similar","block_context":{"text":"Entrada similar","link":""},"img":{"alt_text":"","src":"","width":0,"height":0},"classes":[]},{"id":60295,"url":"https:\/\/estrategica.com.co\/blog\/venezuela\/","url_meta":{"origin":39107,"position":3},"title":"Venezuela","author":"Miguel Albadan","date":"abril 24, 2018","format":false,"excerpt":"","rel":"","context":"Entrada similar","block_context":{"text":"Entrada similar","link":""},"img":{"alt_text":"","src":"","width":0,"height":0},"classes":[]},{"id":60301,"url":"https:\/\/estrategica.com.co\/blog\/alemania\/","url_meta":{"origin":39107,"position":4},"title":"Alemania","author":"Miguel Albadan","date":"abril 24, 2018","format":false,"excerpt":"","rel":"","context":"Entrada similar","block_context":{"text":"Entrada similar","link":""},"img":{"alt_text":"","src":"","width":0,"height":0},"classes":[]},{"id":60306,"url":"https:\/\/estrategica.com.co\/blog\/austria\/","url_meta":{"origin":39107,"position":5},"title":"Austria","author":"Miguel Albadan","date":"abril 24, 2018","format":false,"excerpt":"","rel":"","context":"Entrada similar","block_context":{"text":"Entrada similar","link":""},"img":{"alt_text":"","src":"","width":0,"height":0},"classes":[]}],"jetpack_sharing_enabled":true,"_links":{"self":[{"href":"https:\/\/estrategica.com.co\/blog\/wp-json\/wp\/v2\/pages\/39107"}],"collection":[{"href":"https:\/\/estrategica.com.co\/blog\/wp-json\/wp\/v2\/pages"}],"about":[{"href":"https:\/\/estrategica.com.co\/blog\/wp-json\/wp\/v2\/types\/page"}],"author":[{"embeddable":true,"href":"https:\/\/estrategica.com.co\/blog\/wp-json\/wp\/v2\/users\/1297"}],"replies":[{"embeddable":true,"href":"https:\/\/estrategica.com.co\/blog\/wp-json\/wp\/v2\/comments?post=39107"}],"version-history":[{"count":25,"href":"https:\/\/estrategica.com.co\/blog\/wp-json\/wp\/v2\/pages\/39107\/revisions"}],"predecessor-version":[{"id":60570,"href":"https:\/\/estrategica.com.co\/blog\/wp-json\/wp\/v2\/pages\/39107\/revisions\/60570"}],"wp:attachment":[{"href":"https:\/\/estrategica.com.co\/blog\/wp-json\/wp\/v2\/media?parent=39107"}],"curies":[{"name":"wp","href":"https:\/\/api.w.org\/{rel}","templated":true}]}}