{"id":39110,"date":"2014-01-24T01:56:30","date_gmt":"2014-01-24T06:56:30","guid":{"rendered":"http:\/\/estrategica.com.co\/blog\/?page_id=39110"},"modified":"2017-06-03T10:28:38","modified_gmt":"2017-06-03T15:28:38","slug":"blogs","status":"publish","type":"page","link":"https:\/\/estrategica.com.co\/blog\/blogs\/","title":{"rendered":"Blogs"},"content":{"rendered":"<p>[full_width_section bg_pos=\u00bbLeft Top\u00bb bg_repeat=\u00bbNo-Repeat\u00bb text_color=\u00bbDark\u00bb top_padding=\u00bb20&#8243; bottom_padding=\u00bb20&#8243; background_color=\u00bb#ffffff\u00bb][vc_column easing=\u00bblinear\u00bb width=\u00bb1\/1&#8243;][team_member description=\u00bbCoordinador de contenido de la p\u00e1gina e-estrategica.com, el sitio web m\u00e1s completo en an\u00e1lisis de campa\u00f1as electorales, pol\u00edticas y de gobierno en el mundo. Abogado, exdiplomatico, profesor de ideas y pensamiento pol\u00edtico en la Universidad del Rosario, conferencista en Marketing Pol\u00edtico, analista pol\u00edtico en algunos medios de comunicaci\u00f3n, asesor en el dise\u00f1o e implementaci\u00f3n de estrategias de comunicaci\u00f3n y visibilidad de gobierno y estratega general de campa\u00f1as pol\u00edticas en Colombia y Latinoam\u00e9rica. En desarrollo de su actividad profesional ha analizado estrat\u00e9gicamente m\u00e1s de 4000 instrumentos de persuasi\u00f3n de campa\u00f1as pol\u00edticas del mundo entero. \u00bb social=\u00bbLibido Dominandi &gt;, http:\/\/blogs.estrategica.com.co\/camilorojas\/\u00bb color=\u00bbExtra-Color-1&#8243; image_url=\u00bbhttp:\/\/estrategica.com.co\/blog\/wp-content\/uploads\/2014\/01\/Camilo_rojas.jpg\u00bb name=\u00bbCamilo Rojas\u00bb job_position=\u00bbCoordinador del \u00c1rea de Campa\u00f1as pol\u00edticas, comunicaci\u00f3n y visibilidad p\u00fablica.\u00bb][\/vc_column][\/full_width_section]<\/p>\n","protected":false},"excerpt":{"rendered":"<p>[full_width_section bg_pos=\u00bbLeft Top\u00bb bg_repeat=\u00bbNo-Repeat\u00bb text_color=\u00bbDark\u00bb top_padding=\u00bb20&#8243; bottom_padding=\u00bb20&#8243; background_color=\u00bb#ffffff\u00bb][vc_column easing=\u00bblinear\u00bb width=\u00bb1\/1&#8243;][team_member description=\u00bbCoordinador de contenido de la p\u00e1gina e-estrategica.com, el sitio web m\u00e1s completo en an\u00e1lisis de campa\u00f1as electorales, pol\u00edticas y de gobierno en el mundo. Abogado, exdiplomatico, profesor de ideas y pensamiento pol\u00edtico en la Universidad del Rosario, conferencista en Marketing Pol\u00edtico, analista pol\u00edtico en algunos [&hellip;]<\/p>\n","protected":false},"author":1297,"featured_media":0,"parent":0,"menu_order":0,"comment_status":"open","ping_status":"open","template":"","meta":{"_et_pb_use_builder":"","_et_pb_old_content":"","_et_gb_content_width":"","advanced_seo_description":"","jetpack_seo_html_title":"","jetpack_seo_noindex":false,"footnotes":""},"jetpack_shortlink":"https:\/\/wp.me\/P4wgsh-aaO","jetpack-related-posts":[{"id":60436,"url":"https:\/\/estrategica.com.co\/blog\/divulgacion-politica\/","url_meta":{"origin":39110,"position":0},"title":"Divulgaci\u00f3n Pol\u00edtica","author":"Miguel Albadan","date":"abril 24, 2018","format":false,"excerpt":"[et_pb_blog_extras blog_layout=\"block_extended\" posts_number=\"12\" include_categories=\"27\" image_position=\"top\" excerpt_length=\"100\" show_more=\"off\" show_author=\"off\" show_date=\"off\" show_categories=\"off\" show_comments=\"off\" show_load_more=\"on\" load_more_text=\"Siguiente\"\u2026","rel":"","context":"Entrada similar","block_context":{"text":"Entrada similar","link":""},"img":{"alt_text":"Usa tu opci\u00c3\u00b3n de Elegir \u00e2\u0080\u0093 Alfonso Prat-Gay","src":"https:\/\/i0.wp.com\/estrategica.com.co\/blog\/wp-content\/uploads\/2015\/05\/UsatuopciondeelegirVotaUNENVotaJUNTOS_thumb.png?resize=350%2C200","width":350,"height":200},"classes":[]},{"id":40693,"url":"https:\/\/estrategica.com.co\/blog\/","url_meta":{"origin":39110,"position":1},"title":"PORTADA","author":"Miguel Albadan","date":"marzo 6, 2014","format":false,"excerpt":"[et_pb_section fb_built=\"1\" _builder_version=\"3.1.1\"\u2026","rel":"","context":"Entrada similar","block_context":{"text":"Entrada similar","link":""},"img":{"alt_text":"","src":"","width":0,"height":0},"classes":[]},{"id":60428,"url":"https:\/\/estrategica.com.co\/blog\/comunicacion-de-gobierno\/","url_meta":{"origin":39110,"position":2},"title":"Comunicaci\u00f3n de Gobierno","author":"Miguel Albadan","date":"abril 24, 2018","format":false,"excerpt":"","rel":"","context":"Entrada similar","block_context":{"text":"Entrada similar","link":""},"img":{"alt_text":"Usa tu opci\u00c3\u00b3n de Elegir \u00e2\u0080\u0093 Alfonso Prat-Gay","src":"https:\/\/i0.wp.com\/estrategica.com.co\/blog\/wp-content\/uploads\/2015\/05\/UsatuopciondeelegirVotaUNENVotaJUNTOS_thumb.png?resize=350%2C200","width":350,"height":200},"classes":[]},{"id":60443,"url":"https:\/\/estrategica.com.co\/blog\/financiacion-de-campana\/","url_meta":{"origin":39110,"position":3},"title":"Financiaci\u00f3n de Campa\u00f1a","author":"Miguel Albadan","date":"abril 24, 2018","format":false,"excerpt":"","rel":"","context":"Entrada similar","block_context":{"text":"Entrada similar","link":""},"img":{"alt_text":"","src":"","width":0,"height":0},"classes":[]},{"id":60241,"url":"https:\/\/estrategica.com.co\/blog\/discurso-politico\/","url_meta":{"origin":39110,"position":4},"title":"Discurso Pol\u00edtico","author":"Miguel Albadan","date":"abril 24, 2018","format":false,"excerpt":"","rel":"","context":"Entrada similar","block_context":{"text":"Entrada similar","link":""},"img":{"alt_text":"El Aviador \u00e2\u0080\u0093 Obama \u00e2\u0080\u0093 Biden","src":"https:\/\/i0.wp.com\/estrategica.com.co\/blog\/wp-content\/uploads\/2015\/05\/VicePresidentJoeBidenKalPennandtheAviatorFistBumpLivefromCharlotteTonightat8pmET_thumb.png?resize=350%2C200","width":350,"height":200},"classes":[]},{"id":60250,"url":"https:\/\/estrategica.com.co\/blog\/mensaje-politico\/","url_meta":{"origin":39110,"position":5},"title":"Mensaje Pol\u00edtico","author":"Miguel Albadan","date":"abril 24, 2018","format":false,"excerpt":"","rel":"","context":"Entrada similar","block_context":{"text":"Entrada similar","link":""},"img":{"alt_text":"El Aviador \u00e2\u0080\u0093 Obama \u00e2\u0080\u0093 Biden","src":"https:\/\/i0.wp.com\/estrategica.com.co\/blog\/wp-content\/uploads\/2015\/05\/VicePresidentJoeBidenKalPennandtheAviatorFistBumpLivefromCharlotteTonightat8pmET_thumb.png?resize=350%2C200","width":350,"height":200},"classes":[]}],"jetpack_sharing_enabled":true,"_links":{"self":[{"href":"https:\/\/estrategica.com.co\/blog\/wp-json\/wp\/v2\/pages\/39110"}],"collection":[{"href":"https:\/\/estrategica.com.co\/blog\/wp-json\/wp\/v2\/pages"}],"about":[{"href":"https:\/\/estrategica.com.co\/blog\/wp-json\/wp\/v2\/types\/page"}],"author":[{"embeddable":true,"href":"https:\/\/estrategica.com.co\/blog\/wp-json\/wp\/v2\/users\/1297"}],"replies":[{"embeddable":true,"href":"https:\/\/estrategica.com.co\/blog\/wp-json\/wp\/v2\/comments?post=39110"}],"version-history":[{"count":10,"href":"https:\/\/estrategica.com.co\/blog\/wp-json\/wp\/v2\/pages\/39110\/revisions"}],"predecessor-version":[{"id":59673,"href":"https:\/\/estrategica.com.co\/blog\/wp-json\/wp\/v2\/pages\/39110\/revisions\/59673"}],"wp:attachment":[{"href":"https:\/\/estrategica.com.co\/blog\/wp-json\/wp\/v2\/media?parent=39110"}],"curies":[{"name":"wp","href":"https:\/\/api.w.org\/{rel}","templated":true}]}}