{"id":60368,"date":"2018-04-24T17:17:00","date_gmt":"2018-04-24T22:17:00","guid":{"rendered":"http:\/\/estrategica.com.co\/blog\/?page_id=60368"},"modified":"2018-04-24T17:48:32","modified_gmt":"2018-04-24T22:48:32","slug":"china","status":"publish","type":"page","link":"https:\/\/estrategica.com.co\/blog\/china\/","title":{"rendered":"China"},"content":{"rendered":"<p>[et_pb_section bb_built=\u00bb1&#8243; _builder_version=\u00bb3.0.106&#8243; use_background_color_gradient=\u00bbon\u00bb background_color_gradient_start=\u00bb#506b7f\u00bb background_color_gradient_end=\u00bb#ffffff\u00bb background_image=\u00bbhttp:\/\/estrategica.com.co\/blog\/wp-content\/uploads\/2014\/01\/Publico_flare.jpg\u00bb background_blend=\u00bbmultiply\u00bb custom_padding=\u00bb54px|0px|0|0px\u00bb next_background_color=\u00bb#ffffff\u00bb][et_pb_row custom_padding=\u00bb27px|0px|15px|0px\u00bb _builder_version=\u00bb3.0.47&#8243; background_size=\u00bbinitial\u00bb background_position=\u00bbtop_left\u00bb background_repeat=\u00bbrepeat\u00bb][et_pb_column type=\u00bb4_4&#8243;][et_pb_text _builder_version=\u00bb3.1.1&#8243; header_font=\u00bbCoda|300|||||||\u00bb header_text_align=\u00bbcenter\u00bb header_text_color=\u00bb#ffae00&#8243; header_3_font=\u00bbNunito|300|||||||\u00bb header_3_line_height=\u00bb1.7em\u00bb background_layout=\u00bbdark\u00bb]<\/p>\n<h1>China<\/h1>\n<h3 style=\"text-align: center;\">Publicaciones recientes en comunicaci\u00f3n y gesti\u00f3n de gobierno<\/h3>\n<p>[\/et_pb_text][\/et_pb_column][\/et_pb_row][et_pb_row _builder_version=\u00bb3.0.106&#8243; background_size=\u00bbinitial\u00bb background_position=\u00bbtop_left\u00bb background_repeat=\u00bbrepeat\u00bb][et_pb_column type=\u00bb4_4&#8243;][et_pb_blog_extras blog_layout=\u00bbblock_extended\u00bb posts_number=\u00bb12&#8243; include_categories=\u00bb162&#8243; image_position=\u00bbtop\u00bb excerpt_length=\u00bb100&#8243; show_more=\u00bboff\u00bb show_author=\u00bboff\u00bb show_date=\u00bboff\u00bb show_categories=\u00bboff\u00bb show_comments=\u00bboff\u00bb show_load_more=\u00bbon\u00bb load_more_text=\u00bbSiguiente\u00bb show_less_text=\u00bbAnterior\u00bb animation=\u00bbtop\u00bb _builder_version=\u00bb3.1.1&#8243; custom_ajax_pagination=\u00bbon\u00bb ajax_pagination_text_color=\u00bb#ffffff\u00bb ajax_pagination_border_color=\u00bb#ffffff\u00bb ajax_pagination_icon_color=\u00bb#ffffff\u00bb category_meta_colors=\u00bboff\u00bb \/][\/et_pb_column][\/et_pb_row][\/et_pb_section][et_pb_section bb_built=\u00bb1&#8243; _builder_version=\u00bb3.1.1&#8243; custom_padding=\u00bb38px|0px|25px|0px\u00bb prev_background_color=\u00bb#000000&#8243; next_background_color=\u00bb#0c71c3&#8243; global_module=\u00bb60048&#8243;][et_pb_row global_parent=\u00bb60048&#8243; _builder_version=\u00bb3.0.106&#8243;][et_pb_column type=\u00bb1_4&#8243;][et_pb_number_counter global_parent=\u00bb60048&#8243; title=\u00bbVideos\u00bb number=\u00bb4401&#8243; percent_sign=\u00bboff\u00bb module_id=\u00bbCifraVideos\u00bb _builder_version=\u00bb3.0.106&#8243; number_text_color=\u00bb#bf1818&#8243; \/][\/et_pb_column][et_pb_column type=\u00bb1_4&#8243;][et_pb_number_counter global_parent=\u00bb60048&#8243; title=\u00bbAudios\u00bb number=\u00bb24&#8243; percent_sign=\u00bboff\u00bb _builder_version=\u00bb3.0.106&#8243; number_font=\u00bb||||||||\u00bb \/][\/et_pb_column][et_pb_column type=\u00bb1_4&#8243;][et_pb_number_counter global_parent=\u00bb60048&#8243; title=\u00bbAfiches\u00bb number=\u00bb576&#8243; percent_sign=\u00bboff\u00bb _builder_version=\u00bb3.0.106&#8243; number_font=\u00bb||||||||\u00bb number_text_color=\u00bb#994edb\u00bb \/][\/et_pb_column][et_pb_column type=\u00bb1_4&#8243;][et_pb_number_counter global_parent=\u00bb60048&#8243; title=\u00bbFotos\u00bb number=\u00bb622&#8243; percent_sign=\u00bboff\u00bb _builder_version=\u00bb3.0.106&#8243; number_font=\u00bb||||||||\u00bb number_text_color=\u00bb#1f9b4e\u00bb \/][\/et_pb_column][\/et_pb_row][\/et_pb_section][et_pb_section bb_built=\u00bb1&#8243; _builder_version=\u00bb3.0.106&#8243; custom_padding=\u00bb0|0px|0|0px\u00bb background_color=\u00bb#0c71c3&#8243; prev_background_color=\u00bb#ffffff\u00bb global_module=\u00bb59949&#8243;][et_pb_row global_parent=\u00bb59949&#8243; _builder_version=\u00bb3.0.106&#8243; make_fullwidth=\u00bbon\u00bb custom_padding=\u00bb13px|0px|0|0px\u00bb][et_pb_column type=\u00bb4_4&#8243;][et_pb_cta global_parent=\u00bb59949&#8243; button_url=\u00bbhttp:\/\/estrategica.com.co\/blog\/contacto\/\u00bb button_text=\u00bbCont\u00e1ctenos\u00bb _builder_version=\u00bb3.0.106&#8243; header_font=\u00bbNunito|600|||||||\u00bb url_new_window=\u00bboff\u00bb use_background_color=\u00bbon\u00bb background_layout=\u00bbdark\u00bb custom_button=\u00bboff\u00bb button_icon_placement=\u00bbright\u00bb]<\/p>\n<h2>Hay quienes trabajaron con esfuerzo y dedicaci\u00f3n pero nunca llegaron a la meta deseada.<\/h2>\n<p>[\/et_pb_cta][\/et_pb_column][\/et_pb_row][\/et_pb_section]<\/p>\n","protected":false},"excerpt":{"rendered":"<p>China Publicaciones recientes en comunicaci\u00f3n y gesti\u00f3n de gobierno Hay quienes trabajaron con esfuerzo y dedicaci\u00f3n pero nunca llegaron a la meta deseada.<\/p>\n","protected":false},"author":8,"featured_media":0,"parent":0,"menu_order":0,"comment_status":"closed","ping_status":"closed","template":"","meta":{"_et_pb_use_builder":"on","_et_pb_old_content":"","_et_gb_content_width":"","advanced_seo_description":"","jetpack_seo_html_title":"","jetpack_seo_noindex":false,"footnotes":""},"jetpack_shortlink":"https:\/\/wp.me\/P4wgsh-fHG","jetpack-related-posts":[{"id":60143,"url":"https:\/\/estrategica.com.co\/blog\/brazil\/","url_meta":{"origin":60368,"position":0},"title":"Brazil","author":"Miguel Albadan","date":"abril 20, 2018","format":false,"excerpt":"","rel":"","context":"Entrada similar","block_context":{"text":"Entrada similar","link":""},"img":{"alt_text":"","src":"","width":0,"height":0},"classes":[]},{"id":60290,"url":"https:\/\/estrategica.com.co\/blog\/panama\/","url_meta":{"origin":60368,"position":1},"title":"Panam\u00e1","author":"Miguel Albadan","date":"abril 24, 2018","format":false,"excerpt":"","rel":"","context":"Entrada similar","block_context":{"text":"Entrada similar","link":""},"img":{"alt_text":"","src":"","width":0,"height":0},"classes":[]},{"id":60294,"url":"https:\/\/estrategica.com.co\/blog\/peru\/","url_meta":{"origin":60368,"position":2},"title":"Per\u00fa","author":"Miguel Albadan","date":"abril 24, 2018","format":false,"excerpt":"","rel":"","context":"Entrada similar","block_context":{"text":"Entrada similar","link":""},"img":{"alt_text":"","src":"","width":0,"height":0},"classes":[]},{"id":60295,"url":"https:\/\/estrategica.com.co\/blog\/venezuela\/","url_meta":{"origin":60368,"position":3},"title":"Venezuela","author":"Miguel Albadan","date":"abril 24, 2018","format":false,"excerpt":"","rel":"","context":"Entrada similar","block_context":{"text":"Entrada similar","link":""},"img":{"alt_text":"","src":"","width":0,"height":0},"classes":[]},{"id":60301,"url":"https:\/\/estrategica.com.co\/blog\/alemania\/","url_meta":{"origin":60368,"position":4},"title":"Alemania","author":"Miguel Albadan","date":"abril 24, 2018","format":false,"excerpt":"","rel":"","context":"Entrada similar","block_context":{"text":"Entrada similar","link":""},"img":{"alt_text":"","src":"","width":0,"height":0},"classes":[]},{"id":60306,"url":"https:\/\/estrategica.com.co\/blog\/austria\/","url_meta":{"origin":60368,"position":5},"title":"Austria","author":"Miguel Albadan","date":"abril 24, 2018","format":false,"excerpt":"","rel":"","context":"Entrada similar","block_context":{"text":"Entrada similar","link":""},"img":{"alt_text":"","src":"","width":0,"height":0},"classes":[]}],"jetpack_sharing_enabled":true,"_links":{"self":[{"href":"https:\/\/estrategica.com.co\/blog\/wp-json\/wp\/v2\/pages\/60368"}],"collection":[{"href":"https:\/\/estrategica.com.co\/blog\/wp-json\/wp\/v2\/pages"}],"about":[{"href":"https:\/\/estrategica.com.co\/blog\/wp-json\/wp\/v2\/types\/page"}],"author":[{"embeddable":true,"href":"https:\/\/estrategica.com.co\/blog\/wp-json\/wp\/v2\/users\/8"}],"replies":[{"embeddable":true,"href":"https:\/\/estrategica.com.co\/blog\/wp-json\/wp\/v2\/comments?post=60368"}],"version-history":[{"count":3,"href":"https:\/\/estrategica.com.co\/blog\/wp-json\/wp\/v2\/pages\/60368\/revisions"}],"predecessor-version":[{"id":60441,"href":"https:\/\/estrategica.com.co\/blog\/wp-json\/wp\/v2\/pages\/60368\/revisions\/60441"}],"wp:attachment":[{"href":"https:\/\/estrategica.com.co\/blog\/wp-json\/wp\/v2\/media?parent=60368"}],"curies":[{"name":"wp","href":"https:\/\/api.w.org\/{rel}","templated":true}]}}