{"id":60436,"date":"2018-04-24T17:50:00","date_gmt":"2018-04-24T22:50:00","guid":{"rendered":"http:\/\/estrategica.com.co\/blog\/?page_id=60436"},"modified":"2018-04-24T17:50:00","modified_gmt":"2018-04-24T22:50:00","slug":"divulgacion-politica","status":"publish","type":"page","link":"https:\/\/estrategica.com.co\/blog\/divulgacion-politica\/","title":{"rendered":"Divulgaci\u00f3n Pol\u00edtica"},"content":{"rendered":"<p>[et_pb_section bb_built=\u00bb1&#8243; _builder_version=\u00bb3.0.106&#8243; use_background_color_gradient=\u00bbon\u00bb background_color_gradient_start=\u00bb#506b7f\u00bb background_color_gradient_end=\u00bb#ffffff\u00bb background_image=\u00bbhttp:\/\/estrategica.com.co\/blog\/wp-content\/uploads\/2014\/01\/Publico_flare.jpg\u00bb background_blend=\u00bbmultiply\u00bb custom_padding=\u00bb54px|0px|0|0px\u00bb next_background_color=\u00bb#ffffff\u00bb][et_pb_row custom_padding=\u00bb27px|0px|15px|0px\u00bb _builder_version=\u00bb3.0.47&#8243; background_size=\u00bbinitial\u00bb background_position=\u00bbtop_left\u00bb background_repeat=\u00bbrepeat\u00bb][et_pb_column type=\u00bb4_4&#8243;][et_pb_text background_layout=\u00bbdark\u00bb _builder_version=\u00bb3.1.1&#8243; header_font=\u00bbCoda|300|||||||\u00bb header_text_align=\u00bbcenter\u00bb header_3_font=\u00bbNunito|300|||||||\u00bb header_3_line_height=\u00bb1.7em\u00bb]<\/p>\n<h1>Divulgaci\u00f3n Pol\u00edtica<\/h1>\n<h3 style=\"text-align: center;\">Publicaciones recientes en Comunicaci\u00f3n y Gesti\u00f3n de Gobierno<\/h3>\n<p>[\/et_pb_text][\/et_pb_column][\/et_pb_row][et_pb_row _builder_version=\u00bb3.0.106&#8243; background_size=\u00bbinitial\u00bb background_position=\u00bbtop_left\u00bb background_repeat=\u00bbrepeat\u00bb][et_pb_column type=\u00bb4_4&#8243;][et_pb_blog_extras blog_layout=\u00bbblock_extended\u00bb posts_number=\u00bb12&#8243; include_categories=\u00bb27&#8243; image_position=\u00bbtop\u00bb excerpt_length=\u00bb100&#8243; show_more=\u00bboff\u00bb show_author=\u00bboff\u00bb show_date=\u00bboff\u00bb show_categories=\u00bboff\u00bb show_comments=\u00bboff\u00bb show_load_more=\u00bbon\u00bb load_more_text=\u00bbSiguiente\u00bb show_less_text=\u00bbAnterior\u00bb animation=\u00bbtop\u00bb _builder_version=\u00bb3.1.1&#8243; custom_ajax_pagination=\u00bbon\u00bb ajax_pagination_text_color=\u00bb#ffffff\u00bb ajax_pagination_border_color=\u00bb#ffffff\u00bb ajax_pagination_icon_color=\u00bb#ffffff\u00bb category_meta_colors=\u00bboff\u00bb]<\/p>\n<div class=\"et_pb_posts et_pb_module et_pb_bg_layout_light et_pb_blog_extras_1\">\n<div class=\"el-dbe-blog-extra block_extended\">\n<article id=\"post-58894\" class=\"et_pb_post et_pb_post_extra et_pb_text_align_left et-waypoint et_pb_animation_top el_dbe_block_extended image-top post-58894 type-post status-publish format-standard has-post-thumbnail hentry category-1065 category-ano category-argentina category-campana-colegiada category-electoral category-geo category-temas category-video tag-alfonso-prat-gay tag-elecciones-2013 tag-frente-amplio\">\n<div class=\"post-media-container\">\n<div class=\"post-media\"><a class=\"entry-featured-image-url\" href=\"http:\/\/estrategica.com.co\/blog\/usatuopciondeelegirvotaunenvotajuntospost\/\"><br \/>\n<img loading=\"lazy\" decoding=\"async\" src=\"https:\/\/i0.wp.com\/estrategica.com.co\/blog\/wp-content\/uploads\/2015\/05\/UsatuopciondeelegirVotaUNENVotaJUNTOS_thumb.png?resize=400%2C250\" alt=\"Usa tu opci\u00f3n de Elegir \u2013 Alfonso Prat-Gay\" width=\"400\" height=\"250\" data-recalc-dims=\"1\" \/> <\/a><\/div>\n<\/div>\n<div class=\"post-content\">\n<p><a class=\"abs-url\" href=\"http:\/\/estrategica.com.co\/blog\/usatuopciondeelegirvotaunenvotajuntospost\/\">Usa tu opci\u00f3n de Elegir \u2013 Alfonso Prat-Gay<\/a><\/p>\n<h2 class=\"entry-title\"><a href=\"http:\/\/estrategica.com.co\/blog\/usatuopciondeelegirvotaunenvotajuntospost\/\">Usa tu opci\u00f3n de Elegir \u2013 Alfonso Prat-Gay<\/a><\/h2>\n<div class=\"post-data\">Spot de la Campa\u00f1a de Alfonso Prat-Gay a las Elecciones Legislativas por la Provincia de Buenos Aires en el 2013 a nombre del Frente Amplio Progresista.<\/div>\n<\/div>\n<\/article>\n<p><!-- .et_pb_post_extra --><\/p>\n<article id=\"post-59633\" class=\"et_pb_post et_pb_post_extra et_pb_text_align_left et-waypoint et_pb_animation_top el_dbe_block_extended image-top post-59633 type-post status-publish format-standard has-post-thumbnail hentry category-1065 category-afiches category-ano category-argentina category-campana-colegiada category-electoral category-fotograficos category-geo category-temas category-tipograficos category-video tag-elecciones-2013 tag-frente-renovador tag-sergio-massa\">\n<div class=\"post-media-container\">\n<div class=\"post-media\"><a class=\"entry-featured-image-url\" href=\"http:\/\/estrategica.com.co\/blog\/seguro-sergio-massa\/\"><br \/>\n<img loading=\"lazy\" decoding=\"async\" src=\"https:\/\/i0.wp.com\/estrategica.com.co\/blog\/wp-content\/uploads\/2017\/03\/561a9cd57db84.jpg?resize=400%2C250\" alt=\"Seguro \u2013 Sergio Massa\" width=\"400\" height=\"250\" data-recalc-dims=\"1\" \/> <\/a><\/div>\n<\/div>\n<div class=\"post-content\">\n<p><a class=\"abs-url\" href=\"http:\/\/estrategica.com.co\/blog\/seguro-sergio-massa\/\">Seguro \u2013 Sergio Massa<\/a><\/p>\n<h2 class=\"entry-title\"><a href=\"http:\/\/estrategica.com.co\/blog\/seguro-sergio-massa\/\">Seguro \u2013 Sergio Massa<\/a><\/h2>\n<div class=\"post-data\">\n<p>Poster\u00a0 de la Campa\u00f1a de Sergio Massa a las Elecciones Legislativas por la Provincia de Buenos&#8230;<\/p>\n<\/div>\n<\/div>\n<\/article>\n<p><!-- .et_pb_post_extra --><\/p>\n<article id=\"post-59625\" class=\"et_pb_post et_pb_post_extra et_pb_text_align_left et-waypoint et_pb_animation_top el_dbe_block_extended image-top post-59625 type-post status-publish format-standard has-post-thumbnail hentry category-1065 category-afiches category-ano category-argentina category-campana-colegiada category-electoral category-fotograficos category-geo category-temas category-video tag-elecciones-2013 tag-frente-renovador tag-sergio-massa\">\n<div class=\"post-media-container\">\n<div class=\"post-media\"><a class=\"entry-featured-image-url\" href=\"http:\/\/estrategica.com.co\/blog\/el-cambio-justo-sergio-massa\/\"><br \/>\n<img loading=\"lazy\" decoding=\"async\" src=\"https:\/\/i0.wp.com\/estrategica.com.co\/blog\/wp-content\/uploads\/2017\/03\/massa-cambio-justo.jpg?resize=400%2C250\" alt=\"El Cambio Justo \u2013 Sergio Massa\" width=\"400\" height=\"250\" data-recalc-dims=\"1\" \/> <\/a><\/div>\n<\/div>\n<div class=\"post-content\">\n<p><a class=\"abs-url\" href=\"http:\/\/estrategica.com.co\/blog\/el-cambio-justo-sergio-massa\/\">El Cambio Justo \u2013 Sergio Massa<\/a><\/p>\n<h2 class=\"entry-title\"><a href=\"http:\/\/estrategica.com.co\/blog\/el-cambio-justo-sergio-massa\/\">El Cambio Justo \u2013 Sergio Massa<\/a><\/h2>\n<div class=\"post-data\">\n<p>Poster\u00a0 de la Campa\u00f1a de Sergio Massa a las Elecciones Legislativas por la Provincia de Buenos&#8230;<\/p>\n<\/div>\n<\/div>\n<\/article>\n<p><!-- .et_pb_post_extra --><\/p>\n<article id=\"post-58556\" class=\"et_pb_post et_pb_post_extra et_pb_text_align_left et-waypoint et_pb_animation_top el_dbe_block_extended image-top post-58556 type-post status-publish format-standard has-post-thumbnail hentry category-1065 category-ano category-argentina category-campana-colegiada category-electoral category-geo category-temas category-video tag-elecciones-2013 tag-frente-renovador tag-sergio-massa\">\n<div class=\"post-media-container\">\n<div class=\"post-media\"><a class=\"entry-featured-image-url\" href=\"http:\/\/estrategica.com.co\/blog\/spotoficialdesergiomassainflacion1\/\"><br \/>\n<img loading=\"lazy\" decoding=\"async\" src=\"https:\/\/i0.wp.com\/estrategica.com.co\/blog\/wp-content\/uploads\/2015\/05\/SpotoficialdeSergioMassaInflacion1_thumb.png?resize=400%2C250\" alt=\"Inflaci\u00f3n \u2013 Sergio Massa\" width=\"400\" height=\"250\" data-recalc-dims=\"1\" \/> <\/a><\/div>\n<\/div>\n<div class=\"post-content\">\n<p><a class=\"abs-url\" href=\"http:\/\/estrategica.com.co\/blog\/spotoficialdesergiomassainflacion1\/\">Inflaci\u00f3n \u2013 Sergio Massa<\/a><\/p>\n<h2 class=\"entry-title\"><a href=\"http:\/\/estrategica.com.co\/blog\/spotoficialdesergiomassainflacion1\/\">Inflaci\u00f3n \u2013 Sergio Massa<\/a><\/h2>\n<div class=\"post-data\"><script type='text\/javascript' src='https:\/\/estrategica.com.co\/blog\/wp-content\/plugins\/hana-flv-player\/flowplayer3\/example\/flowplayer-3.2.6.min.js'><\/script>\n<div >\n<div id='hana_flv_flow3_1' style='display:block;width:400px;height:250px;background-color:#555555;color:#ffffff;padding:0' title=\"\"><\/div>\n<\/div>\n\n<script  type='text\/javascript'>\nif (typeof g_hanaFlash !== 'undefined' && !g_hanaFlash){\n    jQuery('#hana_flv_flow3_1').css( 'padding', '5px' );\n\tjQuery('#hana_flv_flow3_1').html(\"<span class='inactive_message' style='display:block'>Sorry, your browser does not support Flash Video Player<\/span> \");\n}else{\t\t\t\n\t\tflowplayer('hana_flv_flow3_1', { src: 'https:\/\/estrategica.com.co\/blog\/wp-content\/plugins\/hana-flv-player\/flowplayer3\/flowplayer-3.2.7.swf', wmode: 'transparent' }, { \n\n\t\t\tcanvas: { backgroundColor: '#000000', backgroundGradient: 'none',},\n    \t\tclip:  { \n    \t\t\turl: '\/blog\/wp-content\/uploads\/2009\/01\/20121129\/RicardoAlfonsinAyuda.flv',\n        \t\tscaling: 'scale', autoPlay: false, autoBuffering: true \n\t\t\t\t   , onFinish : function () { this.seek(0); }  \n\n\t        }\n\n\t\t});\n}\n<\/script>[\/et_pb_column][et_pb_column type=\u00bb1_4&#8243;][et_pb_number_counter global_parent=\u00bb60048&#8243; title=\u00bbAudios\u00bb number=\u00bb24&#8243; percent_sign=\u00bboff\u00bb _builder_version=\u00bb3.0.106&#8243; number_font=\u00bb||||||||\u00bb \/][\/et_pb_column][et_pb_column type=\u00bb1_4&#8243;][et_pb_number_counter global_parent=\u00bb60048&#8243; title=\u00bbAfiches\u00bb number=\u00bb576&#8243; percent_sign=\u00bboff\u00bb _builder_version=\u00bb3.0.106&#8243; number_font=\u00bb||||||||\u00bb number_text_color=\u00bb#994edb\u00bb \/][\/et_pb_column][et_pb_column type=\u00bb1_4&#8243;][et_pb_number_counter global_parent=\u00bb60048&#8243; title=\u00bbFotos\u00bb number=\u00bb622&#8243; percent_sign=\u00bboff\u00bb _builder_version=\u00bb3.0.106&#8243; number_font=\u00bb||||||||\u00bb number_text_color=\u00bb#1f9b4e\u00bb \/][\/et_pb_column][\/et_pb_row][\/et_pb_section][et_pb_section bb_built=\u00bb1&#8243; _builder_version=\u00bb3.0.106&#8243; custom_padding=\u00bb0|0px|0|0px\u00bb background_color=\u00bb#0c71c3&#8243; prev_background_color=\u00bb#ffffff\u00bb global_module=\u00bb59949&#8243;][et_pb_row global_parent=\u00bb59949&#8243; _builder_version=\u00bb3.0.106&#8243; make_fullwidth=\u00bbon\u00bb custom_padding=\u00bb13px|0px|0|0px\u00bb][et_pb_column type=\u00bb4_4&#8243;][et_pb_cta global_parent=\u00bb59949&#8243; button_url=\u00bbhttp:\/\/estrategica.com.co\/blog\/contacto\/\u00bb button_text=\u00bbCont\u00e1ctenos\u00bb _builder_version=\u00bb3.0.106&#8243; header_font=\u00bbNunito|600|||||||\u00bb url_new_window=\u00bboff\u00bb use_background_color=\u00bbon\u00bb background_layout=\u00bbdark\u00bb custom_button=\u00bboff\u00bb button_icon_placement=\u00bbright\u00bb]<\/p>\n<h2>Hay quienes trabajaron con esfuerzo y dedicaci\u00f3n pero nunca llegaron a la meta deseada.<\/h2>\n<p>[\/et_pb_cta][\/et_pb_column][\/et_pb_row][\/et_pb_section]<\/p>\n","protected":false},"excerpt":{"rendered":"<p>Divulgaci\u00f3n Pol\u00edtica Publicaciones recientes en Comunicaci\u00f3n y Gesti\u00f3n de Gobierno Usa tu opci\u00f3n de Elegir \u2013 Alfonso Prat-Gay Usa tu opci\u00f3n de Elegir \u2013 Alfonso Prat-Gay Spot de la Campa\u00f1a de Alfonso Prat-Gay a las Elecciones Legislativas por la Provincia de Buenos Aires en el 2013 a nombre del Frente Amplio Progresista. Seguro \u2013 Sergio [&hellip;]<\/p>\n","protected":false},"author":8,"featured_media":0,"parent":0,"menu_order":0,"comment_status":"closed","ping_status":"closed","template":"","meta":{"_et_pb_use_builder":"on","_et_pb_old_content":"","_et_gb_content_width":"","advanced_seo_description":"","jetpack_seo_html_title":"","jetpack_seo_noindex":false,"footnotes":""},"jetpack_shortlink":"https:\/\/wp.me\/P4wgsh-fIM","jetpack-related-posts":[{"id":60143,"url":"https:\/\/estrategica.com.co\/blog\/brazil\/","url_meta":{"origin":60436,"position":0},"title":"Brazil","author":"Miguel Albadan","date":"abril 20, 2018","format":false,"excerpt":"","rel":"","context":"Entrada similar","block_context":{"text":"Entrada similar","link":""},"img":{"alt_text":"","src":"","width":0,"height":0},"classes":[]},{"id":60290,"url":"https:\/\/estrategica.com.co\/blog\/panama\/","url_meta":{"origin":60436,"position":1},"title":"Panam\u00e1","author":"Miguel Albadan","date":"abril 24, 2018","format":false,"excerpt":"","rel":"","context":"Entrada similar","block_context":{"text":"Entrada similar","link":""},"img":{"alt_text":"","src":"","width":0,"height":0},"classes":[]},{"id":60294,"url":"https:\/\/estrategica.com.co\/blog\/peru\/","url_meta":{"origin":60436,"position":2},"title":"Per\u00fa","author":"Miguel Albadan","date":"abril 24, 2018","format":false,"excerpt":"","rel":"","context":"Entrada similar","block_context":{"text":"Entrada similar","link":""},"img":{"alt_text":"","src":"","width":0,"height":0},"classes":[]},{"id":60295,"url":"https:\/\/estrategica.com.co\/blog\/venezuela\/","url_meta":{"origin":60436,"position":3},"title":"Venezuela","author":"Miguel Albadan","date":"abril 24, 2018","format":false,"excerpt":"","rel":"","context":"Entrada similar","block_context":{"text":"Entrada similar","link":""},"img":{"alt_text":"","src":"","width":0,"height":0},"classes":[]},{"id":60301,"url":"https:\/\/estrategica.com.co\/blog\/alemania\/","url_meta":{"origin":60436,"position":4},"title":"Alemania","author":"Miguel Albadan","date":"abril 24, 2018","format":false,"excerpt":"","rel":"","context":"Entrada similar","block_context":{"text":"Entrada similar","link":""},"img":{"alt_text":"","src":"","width":0,"height":0},"classes":[]},{"id":60306,"url":"https:\/\/estrategica.com.co\/blog\/austria\/","url_meta":{"origin":60436,"position":5},"title":"Austria","author":"Miguel Albadan","date":"abril 24, 2018","format":false,"excerpt":"","rel":"","context":"Entrada similar","block_context":{"text":"Entrada similar","link":""},"img":{"alt_text":"","src":"","width":0,"height":0},"classes":[]}],"jetpack_sharing_enabled":true,"_links":{"self":[{"href":"https:\/\/estrategica.com.co\/blog\/wp-json\/wp\/v2\/pages\/60436"}],"collection":[{"href":"https:\/\/estrategica.com.co\/blog\/wp-json\/wp\/v2\/pages"}],"about":[{"href":"https:\/\/estrategica.com.co\/blog\/wp-json\/wp\/v2\/types\/page"}],"author":[{"embeddable":true,"href":"https:\/\/estrategica.com.co\/blog\/wp-json\/wp\/v2\/users\/8"}],"replies":[{"embeddable":true,"href":"https:\/\/estrategica.com.co\/blog\/wp-json\/wp\/v2\/comments?post=60436"}],"version-history":[{"count":1,"href":"https:\/\/estrategica.com.co\/blog\/wp-json\/wp\/v2\/pages\/60436\/revisions"}],"predecessor-version":[{"id":60442,"href":"https:\/\/estrategica.com.co\/blog\/wp-json\/wp\/v2\/pages\/60436\/revisions\/60442"}],"wp:attachment":[{"href":"https:\/\/estrategica.com.co\/blog\/wp-json\/wp\/v2\/media?parent=60436"}],"curies":[{"name":"wp","href":"https:\/\/api.w.org\/{rel}","templated":true}]}}